{"id":1567,"date":"2022-11-29T17:31:55","date_gmt":"2022-11-29T16:31:55","guid":{"rendered":"https:\/\/new.cloudandheat.com\/?page_id=1567"},"modified":"2022-11-29T17:43:30","modified_gmt":"2022-11-29T16:43:30","slug":"events","status":"publish","type":"page","link":"https:\/\/www.cloudandheat.com\/en\/news-presse\/events\/","title":{"rendered":"Events"},"content":{"rendered":"<div data-elementor-type=\"wp-page\" data-elementor-id=\"1567\" class=\"elementor elementor-1567\" data-elementor-post-type=\"page\">\n\t\t\t\t\t\t<section class=\"elementor-section elementor-top-section elementor-element elementor-element-f4f0749 elementor-section-boxed elementor-section-height-default elementor-section-height-default\" data-id=\"f4f0749\" data-element_type=\"section\" data-e-type=\"section\">\n\t\t\t\t\t\t<div class=\"elementor-container elementor-column-gap-default\">\n\t\t\t\t\t<div class=\"elementor-column elementor-col-100 elementor-top-column elementor-element elementor-element-9c435ab\" data-id=\"9c435ab\" data-element_type=\"column\" data-e-type=\"column\">\n\t\t\t<div class=\"elementor-widget-wrap elementor-element-populated\">\n\t\t\t\t\t\t<div class=\"elementor-element elementor-element-488d28c elementor-widget elementor-widget-heading\" data-id=\"488d28c\" data-element_type=\"widget\" data-e-type=\"widget\" data-widget_type=\"heading.default\">\n\t\t\t\t<div class=\"elementor-widget-container\">\n\t\t\t\t\t<h1 class=\"elementor-heading-title elementor-size-default\">Events.<\/h1>\t\t\t\t<\/div>\n\t\t\t\t<\/div>\n\t\t\t\t\t<\/div>\n\t\t<\/div>\n\t\t\t\t\t<\/div>\n\t\t<\/section>\n\t\t\t\t<section class=\"elementor-section elementor-top-section elementor-element elementor-element-03f009e elementor-section-boxed elementor-section-height-default elementor-section-height-default\" data-id=\"03f009e\" data-element_type=\"section\" data-e-type=\"section\">\n\t\t\t\t\t\t<div class=\"elementor-container elementor-column-gap-default\">\n\t\t\t\t\t<div class=\"elementor-column elementor-col-100 elementor-top-column elementor-element elementor-element-9e828b4\" data-id=\"9e828b4\" data-element_type=\"column\" data-e-type=\"column\">\n\t\t\t<div class=\"elementor-widget-wrap\">\n\t\t\t\t\t\t\t<\/div>\n\t\t<\/div>\n\t\t\t\t\t<\/div>\n\t\t<\/section>\n\t\t\t\t<\/div>","protected":false},"excerpt":{"rendered":"<p>Events. Load view. Events Search and views, navigation Search Please enter keyword. Search for events keyword. Find event View navigation List List Month Day Today Pending Pending Select date. December 2022...<\/p>","protected":false},"author":2,"featured_media":0,"parent":1399,"menu_order":59,"comment_status":"closed","ping_status":"open","template":"elementor_header_footer","meta":{"_acf_changed":false,"_relevanssi_hide_post":"","_relevanssi_hide_content":"","_relevanssi_pin_for_all":"","_relevanssi_pin_keywords":"","_relevanssi_unpin_keywords":"","_relevanssi_related_keywords":"","_relevanssi_related_include_ids":"","_relevanssi_related_exclude_ids":"","_relevanssi_related_no_append":"","_relevanssi_related_not_related":"","_relevanssi_related_posts":"5333,5217,5298,5358,5246,5381","_relevanssi_noindex_reason":"","inline_featured_image":false,"footnotes":""},"class_list":["post-1567","page","type-page","status-publish","hentry"],"acf":[],"yoast_head":"<!-- This site is optimized with the Yoast SEO plugin v27.0 - https:\/\/yoast.com\/product\/yoast-seo-wordpress\/ -->\n<title>Events &#8211; Cloud &amp; Heat<\/title>\n<meta name=\"robots\" content=\"index, follow, max-snippet:-1, max-image-preview:large, max-video-preview:-1\" \/>\n<link rel=\"canonical\" href=\"https:\/\/www.cloudandheat.com\/en\/news-and-press\/events\/\" \/>\n<meta property=\"og:locale\" content=\"en_GB\" \/>\n<meta property=\"og:type\" content=\"article\" \/>\n<meta property=\"og:title\" content=\"Events &#8211; Cloud &amp; Heat\" \/>\n<meta property=\"og:description\" content=\"Events. Ansicht laden. Veranstaltungen Suche und Ansichten, Navigation Suche Bitte Schl\u00fcsselwort eingeben. Suche nach Veranstaltungen Schl\u00fcsselwort. Finde Veranstaltung Ansichten-Navigation Liste Liste Monat Tag Heute Anstehend Anstehend Datum w\u00e4hlen. Dezember 2022...\" \/>\n<meta property=\"og:url\" content=\"https:\/\/www.cloudandheat.com\/en\/news-and-press\/events\/\" \/>\n<meta property=\"og:site_name\" content=\"Cloud &amp; Heat\" \/>\n<meta property=\"article:publisher\" content=\"https:\/\/www.facebook.com\/CloudandHeat\" \/>\n<meta property=\"article:modified_time\" content=\"2022-11-29T16:43:30+00:00\" \/>\n<meta property=\"og:image\" content=\"https:\/\/www.cloudandheat.com\/wp-content\/uploads\/2022\/08\/bg_dresden.jpg\" \/>\n\t<meta property=\"og:image:width\" content=\"1920\" \/>\n\t<meta property=\"og:image:height\" content=\"1280\" \/>\n\t<meta property=\"og:image:type\" content=\"image\/jpeg\" \/>\n<meta name=\"twitter:card\" content=\"summary_large_image\" \/>\n<meta name=\"twitter:site\" content=\"@cloudandheat\" \/>\n<script type=\"application\/ld+json\" class=\"yoast-schema-graph\">{\"@context\":\"https:\/\/schema.org\",\"@graph\":[{\"@type\":\"WebPage\",\"@id\":\"https:\/\/www.cloudandheat.com\/news-presse\/events\/\",\"url\":\"https:\/\/www.cloudandheat.com\/news-presse\/events\/\",\"name\":\"Events &#8211; Cloud &amp; Heat\",\"isPartOf\":{\"@id\":\"https:\/\/www.cloudandheat.com\/#website\"},\"datePublished\":\"2022-11-29T16:31:55+00:00\",\"dateModified\":\"2022-11-29T16:43:30+00:00\",\"breadcrumb\":{\"@id\":\"https:\/\/www.cloudandheat.com\/news-presse\/events\/#breadcrumb\"},\"inLanguage\":\"en-GB\",\"potentialAction\":[{\"@type\":\"ReadAction\",\"target\":[\"https:\/\/www.cloudandheat.com\/news-presse\/events\/\"]}]},{\"@type\":\"BreadcrumbList\",\"@id\":\"https:\/\/www.cloudandheat.com\/news-presse\/events\/#breadcrumb\",\"itemListElement\":[{\"@type\":\"ListItem\",\"position\":1,\"name\":\"Startseite\",\"item\":\"https:\/\/www.cloudandheat.com\/\"},{\"@type\":\"ListItem\",\"position\":2,\"name\":\"News &#038; Presse\",\"item\":\"https:\/\/www.cloudandheat.com\/news-presse\/\"},{\"@type\":\"ListItem\",\"position\":3,\"name\":\"Events\"}]},{\"@type\":\"WebSite\",\"@id\":\"https:\/\/www.cloudandheat.com\/#website\",\"url\":\"https:\/\/www.cloudandheat.com\/\",\"name\":\"Cloud & Heat Technolgies GmbH\",\"description\":\"Cloud-Service- und Cloud-Technologie-Provider\",\"publisher\":{\"@id\":\"https:\/\/www.cloudandheat.com\/#organization\"},\"alternateName\":\"Cloud and Heat Technologies GmbH\",\"potentialAction\":[{\"@type\":\"SearchAction\",\"target\":{\"@type\":\"EntryPoint\",\"urlTemplate\":\"https:\/\/www.cloudandheat.com\/?s={search_term_string}\"},\"query-input\":{\"@type\":\"PropertyValueSpecification\",\"valueRequired\":true,\"valueName\":\"search_term_string\"}}],\"inLanguage\":\"en-GB\"},{\"@type\":\"Organization\",\"@id\":\"https:\/\/www.cloudandheat.com\/#organization\",\"name\":\"Cloud&Heat Technologies GmbH\",\"url\":\"https:\/\/www.cloudandheat.com\/\",\"logo\":{\"@type\":\"ImageObject\",\"inLanguage\":\"en-GB\",\"@id\":\"https:\/\/www.cloudandheat.com\/#\/schema\/logo\/image\/\",\"url\":\"https:\/\/www.cloudandheat.com\/wp-content\/uploads\/2022\/08\/logo.svg\",\"contentUrl\":\"https:\/\/www.cloudandheat.com\/wp-content\/uploads\/2022\/08\/logo.svg\",\"width\":907,\"height\":1782,\"caption\":\"Cloud&Heat Technologies GmbH\"},\"image\":{\"@id\":\"https:\/\/www.cloudandheat.com\/#\/schema\/logo\/image\/\"},\"sameAs\":[\"https:\/\/www.facebook.com\/CloudandHeat\",\"https:\/\/x.com\/cloudandheat\"]}]}<\/script>\n<!-- \/ Yoast SEO plugin. -->","yoast_head_json":{"title":"Events - Cloud &amp; Heat","robots":{"index":"index","follow":"follow","max-snippet":"max-snippet:-1","max-image-preview":"max-image-preview:large","max-video-preview":"max-video-preview:-1"},"canonical":"https:\/\/www.cloudandheat.com\/en\/news-and-press\/events\/","og_locale":"en_GB","og_type":"article","og_title":"Events &#8211; Cloud &amp; Heat","og_description":"Events. Ansicht laden. Veranstaltungen Suche und Ansichten, Navigation Suche Bitte Schl\u00fcsselwort eingeben. Suche nach Veranstaltungen Schl\u00fcsselwort. Finde Veranstaltung Ansichten-Navigation Liste Liste Monat Tag Heute Anstehend Anstehend Datum w\u00e4hlen. Dezember 2022...","og_url":"https:\/\/www.cloudandheat.com\/en\/news-and-press\/events\/","og_site_name":"Cloud &amp; Heat","article_publisher":"https:\/\/www.facebook.com\/CloudandHeat","article_modified_time":"2022-11-29T16:43:30+00:00","og_image":[{"width":1920,"height":1280,"url":"https:\/\/www.cloudandheat.com\/wp-content\/uploads\/2022\/08\/bg_dresden.jpg","type":"image\/jpeg"}],"twitter_card":"summary_large_image","twitter_site":"@cloudandheat","schema":{"@context":"https:\/\/schema.org","@graph":[{"@type":"WebPage","@id":"https:\/\/www.cloudandheat.com\/news-presse\/events\/","url":"https:\/\/www.cloudandheat.com\/news-presse\/events\/","name":"Events - Cloud &amp; Heat","isPartOf":{"@id":"https:\/\/www.cloudandheat.com\/#website"},"datePublished":"2022-11-29T16:31:55+00:00","dateModified":"2022-11-29T16:43:30+00:00","breadcrumb":{"@id":"https:\/\/www.cloudandheat.com\/news-presse\/events\/#breadcrumb"},"inLanguage":"en-GB","potentialAction":[{"@type":"ReadAction","target":["https:\/\/www.cloudandheat.com\/news-presse\/events\/"]}]},{"@type":"BreadcrumbList","@id":"https:\/\/www.cloudandheat.com\/news-presse\/events\/#breadcrumb","itemListElement":[{"@type":"ListItem","position":1,"name":"Startseite","item":"https:\/\/www.cloudandheat.com\/"},{"@type":"ListItem","position":2,"name":"News &#038; Presse","item":"https:\/\/www.cloudandheat.com\/news-presse\/"},{"@type":"ListItem","position":3,"name":"Events"}]},{"@type":"WebSite","@id":"https:\/\/www.cloudandheat.com\/#website","url":"https:\/\/www.cloudandheat.com\/","name":"Cloud &amp; Heat Technolgies GmbH","description":"Cloud service and cloud technology providers","publisher":{"@id":"https:\/\/www.cloudandheat.com\/#organization"},"alternateName":"Cloud and Heat Technologies GmbH","potentialAction":[{"@type":"SearchAction","target":{"@type":"EntryPoint","urlTemplate":"https:\/\/www.cloudandheat.com\/?s={search_term_string}"},"query-input":{"@type":"PropertyValueSpecification","valueRequired":true,"valueName":"search_term_string"}}],"inLanguage":"en-GB"},{"@type":"Organization","@id":"https:\/\/www.cloudandheat.com\/#organization","name":"Cloud&amp;Heat Technologies GmbH","url":"https:\/\/www.cloudandheat.com\/","logo":{"@type":"ImageObject","inLanguage":"en-GB","@id":"https:\/\/www.cloudandheat.com\/#\/schema\/logo\/image\/","url":"https:\/\/www.cloudandheat.com\/wp-content\/uploads\/2022\/08\/logo.svg","contentUrl":"https:\/\/www.cloudandheat.com\/wp-content\/uploads\/2022\/08\/logo.svg","width":907,"height":1782,"caption":"Cloud&Heat Technologies GmbH"},"image":{"@id":"https:\/\/www.cloudandheat.com\/#\/schema\/logo\/image\/"},"sameAs":["https:\/\/www.facebook.com\/CloudandHeat","https:\/\/x.com\/cloudandheat"]}]}},"_links":{"self":[{"href":"https:\/\/www.cloudandheat.com\/en\/wp-json\/wp\/v2\/pages\/1567","targetHints":{"allow":["GET"]}}],"collection":[{"href":"https:\/\/www.cloudandheat.com\/en\/wp-json\/wp\/v2\/pages"}],"about":[{"href":"https:\/\/www.cloudandheat.com\/en\/wp-json\/wp\/v2\/types\/page"}],"author":[{"embeddable":true,"href":"https:\/\/www.cloudandheat.com\/en\/wp-json\/wp\/v2\/users\/2"}],"replies":[{"embeddable":true,"href":"https:\/\/www.cloudandheat.com\/en\/wp-json\/wp\/v2\/comments?post=1567"}],"version-history":[{"count":0,"href":"https:\/\/www.cloudandheat.com\/en\/wp-json\/wp\/v2\/pages\/1567\/revisions"}],"up":[{"embeddable":true,"href":"https:\/\/www.cloudandheat.com\/en\/wp-json\/wp\/v2\/pages\/1399"}],"wp:attachment":[{"href":"https:\/\/www.cloudandheat.com\/en\/wp-json\/wp\/v2\/media?parent=1567"}],"curies":[{"name":"wp","href":"https:\/\/api.w.org\/{rel}","templated":true}]}}