{"id":12513,"date":"2025-01-08T12:14:47","date_gmt":"2025-01-08T11:14:47","guid":{"rendered":"https:\/\/www.cloudandheat.com\/?page_id=12513"},"modified":"2025-01-10T13:10:18","modified_gmt":"2025-01-10T12:10:18","slug":"hardware-offer","status":"publish","type":"page","link":"https:\/\/www.cloudandheat.com\/en\/produkte\/hardware-angebot\/","title":{"rendered":"Hardware offer"},"content":{"rendered":"\t\t<div data-elementor-type=\"wp-page\" data-elementor-id=\"12513\" class=\"elementor elementor-12513\" data-elementor-post-type=\"page\">\n\t\t\t\t<div class=\"elementor-element elementor-element-a15a2a5 e-flex e-con-boxed e-con e-parent\" data-id=\"a15a2a5\" data-element_type=\"container\" data-e-type=\"container\">\n\t\t\t\t\t<div class=\"e-con-inner\">\n\t\t<div class=\"elementor-element elementor-element-881ded4 e-con-full e-flex e-con e-child\" data-id=\"881ded4\" data-element_type=\"container\" data-e-type=\"container\">\n\t\t\t\t<div class=\"elementor-element elementor-element-b69bdfe elementor-widget elementor-widget-heading\" data-id=\"b69bdfe\" data-element_type=\"widget\" data-e-type=\"widget\" data-widget_type=\"heading.default\">\n\t\t\t\t<div class=\"elementor-widget-container\">\n\t\t\t\t\t<h1 class=\"elementor-heading-title elementor-size-default\">Hardware-Angebot<\/h1>\t\t\t\t<\/div>\n\t\t\t\t<\/div>\n\t\t\t\t<div class=\"elementor-element elementor-element-13a16e7 elementor-widget elementor-widget-text-editor\" data-id=\"13a16e7\" data-element_type=\"widget\" data-e-type=\"widget\" data-widget_type=\"text-editor.default\">\n\t\t\t\t<div class=\"elementor-widget-container\">\n\t\t\t\t\t\t\t\t\t<p>Wir sind Ihr Partner f\u00fcr die Beschaffung und Installation von Serverl\u00f6sungen f\u00fcr Ihre Anwendungen.<\/p>\t\t\t\t\t\t\t\t<\/div>\n\t\t\t\t<\/div>\n\t\t\t\t<\/div>\n\t\t\t\t\t<\/div>\n\t\t\t\t<\/div>\n\t\t<div class=\"elementor-element elementor-element-e6656f6 e-flex e-con-boxed e-con e-parent\" data-id=\"e6656f6\" data-element_type=\"container\" data-e-type=\"container\">\n\t\t\t\t\t<div class=\"e-con-inner\">\n\t\t<div class=\"elementor-element elementor-element-fa9f338 e-con-full e-flex e-con e-child\" data-id=\"fa9f338\" data-element_type=\"container\" data-e-type=\"container\">\n\t\t\t\t<div class=\"elementor-element elementor-element-61b1510 elementor-widget elementor-widget-text-editor\" data-id=\"61b1510\" data-element_type=\"widget\" data-e-type=\"widget\" data-widget_type=\"text-editor.default\">\n\t\t\t\t<div class=\"elementor-widget-container\">\n\t\t\t\t\t\t\t\t\t<p>Ben\u00f6tigen Sie Hardware f\u00fcr den Aufbau oder die Erweiterung Ihrer IT-Infrastruktur? Mit unserer langj\u00e4hrigen Erfahrung in der Auswahl moderner Serverl\u00f6sungen, unserer Expertise in energieeffizienter Hardware und der engen Zusammenarbeit mit f\u00fchrenden Anbietern unterst\u00fctzen wir Sie gerne \u2013 ma\u00dfgeschneidert und zuverl\u00e4ssig.<\/p>\t\t\t\t\t\t\t\t<\/div>\n\t\t\t\t<\/div>\n\t\t\t\t<div class=\"elementor-element elementor-element-d004082 elementor-widget elementor-widget-image\" data-id=\"d004082\" data-element_type=\"widget\" data-e-type=\"widget\" data-widget_type=\"image.default\">\n\t\t\t\t<div class=\"elementor-widget-container\">\n\t\t\t\t\t\t\t\t\t\t\t\t\t\t\t<img fetchpriority=\"high\" decoding=\"async\" width=\"1920\" height=\"800\" src=\"https:\/\/www.cloudandheat.com\/wp-content\/uploads\/2025\/01\/2025-Cloud-and-Heat-Hardware-Angebot-1.jpg\" class=\"attachment-full size-full wp-image-12594\" alt=\"Cloud andh Heat | Hardware Angebot | Server L\u00f6sungen | On-Premise L\u00f6sungen | Suchmaschine | Hardware Beschaffung\" srcset=\"https:\/\/www.cloudandheat.com\/wp-content\/uploads\/2025\/01\/2025-Cloud-and-Heat-Hardware-Angebot-1.jpg 1920w, https:\/\/www.cloudandheat.com\/wp-content\/uploads\/2025\/01\/2025-Cloud-and-Heat-Hardware-Angebot-1-300x125.jpg 300w, https:\/\/www.cloudandheat.com\/wp-content\/uploads\/2025\/01\/2025-Cloud-and-Heat-Hardware-Angebot-1-1024x427.jpg 1024w, https:\/\/www.cloudandheat.com\/wp-content\/uploads\/2025\/01\/2025-Cloud-and-Heat-Hardware-Angebot-1-768x320.jpg 768w, https:\/\/www.cloudandheat.com\/wp-content\/uploads\/2025\/01\/2025-Cloud-and-Heat-Hardware-Angebot-1-1536x640.jpg 1536w, https:\/\/www.cloudandheat.com\/wp-content\/uploads\/2025\/01\/2025-Cloud-and-Heat-Hardware-Angebot-1-18x8.jpg 18w\" sizes=\"(max-width: 1920px) 100vw, 1920px\" \/>\t\t\t\t\t\t\t\t\t\t\t\t\t\t\t<\/div>\n\t\t\t\t<\/div>\n\t\t\t\t<\/div>\n\t\t<div class=\"elementor-element elementor-element-4f3f265 e-con-full e-flex e-con e-child\" data-id=\"4f3f265\" data-element_type=\"container\" data-e-type=\"container\">\n\t\t<div class=\"elementor-element elementor-element-ab4127f e-con-full e-flex e-con e-child\" data-id=\"ab4127f\" data-element_type=\"container\" data-e-type=\"container\">\n\t\t\t\t<div class=\"elementor-element elementor-element-945608e elementor-widget elementor-widget-spacer\" data-id=\"945608e\" data-element_type=\"widget\" data-e-type=\"widget\" data-widget_type=\"spacer.default\">\n\t\t\t\t<div class=\"elementor-widget-container\">\n\t\t\t\t\t\t\t<div class=\"elementor-spacer\">\n\t\t\t<div class=\"elementor-spacer-inner\"><\/div>\n\t\t<\/div>\n\t\t\t\t\t\t<\/div>\n\t\t\t\t<\/div>\n\t\t\t\t<div class=\"elementor-element elementor-element-c66c064 elementor-widget-divider--view-line elementor-widget elementor-widget-divider\" data-id=\"c66c064\" data-element_type=\"widget\" data-e-type=\"widget\" data-widget_type=\"divider.default\">\n\t\t\t\t<div class=\"elementor-widget-container\">\n\t\t\t\t\t\t\t<div class=\"elementor-divider\">\n\t\t\t<span class=\"elementor-divider-separator\">\n\t\t\t\t\t\t<\/span>\n\t\t<\/div>\n\t\t\t\t\t\t<\/div>\n\t\t\t\t<\/div>\n\t\t\t\t<div class=\"elementor-element elementor-element-37a0687 elementor-widget elementor-widget-heading\" data-id=\"37a0687\" data-element_type=\"widget\" data-e-type=\"widget\" data-widget_type=\"heading.default\">\n\t\t\t\t<div class=\"elementor-widget-container\">\n\t\t\t\t\t<h3 class=\"elementor-heading-title elementor-size-default\">Unsere Produkte im \u00dcberblick<\/h3>\t\t\t\t<\/div>\n\t\t\t\t<\/div>\n\t\t\t\t<\/div>\n\t\t\t\t<\/div>\n\t\t\t\t<div class=\"elementor-element elementor-element-caa24db elementor-grid-2 elementor-grid-tablet-2 elementor-grid-mobile-1 elementor-widget elementor-widget-loop-grid\" data-id=\"caa24db\" data-element_type=\"widget\" data-e-type=\"widget\" data-settings=\"{&quot;template_id&quot;:11863,&quot;columns&quot;:2,&quot;_skin&quot;:&quot;post&quot;,&quot;columns_tablet&quot;:&quot;2&quot;,&quot;columns_mobile&quot;:&quot;1&quot;,&quot;edit_handle_selector&quot;:&quot;[data-elementor-type=\\&quot;loop-item\\&quot;]&quot;,&quot;row_gap&quot;:{&quot;unit&quot;:&quot;px&quot;,&quot;size&quot;:&quot;&quot;,&quot;sizes&quot;:[]},&quot;row_gap_tablet&quot;:{&quot;unit&quot;:&quot;px&quot;,&quot;size&quot;:&quot;&quot;,&quot;sizes&quot;:[]},&quot;row_gap_mobile&quot;:{&quot;unit&quot;:&quot;px&quot;,&quot;size&quot;:&quot;&quot;,&quot;sizes&quot;:[]}}\" data-widget_type=\"loop-grid.post\">\n\t\t\t\t<div class=\"elementor-widget-container\">\n\t\t\t\t\t\t\t<div class=\"elementor-loop-container elementor-grid\" role=\"list\">\n\t\t<style id=\"loop-11863\">.elementor-11863 .elementor-element.elementor-element-c93e2ae > .elementor-widget-wrap > .elementor-widget:not(.elementor-widget__width-auto):not(.elementor-widget__width-initial):not(:last-child):not(.elementor-absolute){margin-block-end:25px;}.elementor-11863 .elementor-element.elementor-element-ff86027 img{width:100%;border-style:solid;border-width:1px 1px 1px 1px;border-color:var( --e-global-color-9c43e14 );}.elementor-11863 .elementor-element.elementor-element-e59831a .elementor-heading-title{font-size:var( --e-global-typography-296c0e5-font-size );font-weight:var( --e-global-typography-296c0e5-font-weight );line-height:var( --e-global-typography-296c0e5-line-height );letter-spacing:var( --e-global-typography-296c0e5-letter-spacing );word-spacing:var( --e-global-typography-296c0e5-word-spacing );color:var( --e-global-color-text );}.elementor-11863 .elementor-element.elementor-element-170c761 .elementor-widget-container{font-family:var( --e-global-typography-text-font-family ), Sans-serif;font-size:var( --e-global-typography-text-font-size );font-weight:var( --e-global-typography-text-font-weight );line-height:var( --e-global-typography-text-line-height );color:var( --e-global-color-text );}.elementor-11863 .elementor-element.elementor-element-cb29867{--spacer-size:25px;}.elementor-11863 .elementor-element.elementor-element-8f99cca > .elementor-widget-container{margin:10px 0px 10px 0px;}body:not(.rtl) .elementor-11863 .elementor-element.elementor-element-8f99cca{left:0px;}body.rtl .elementor-11863 .elementor-element.elementor-element-8f99cca{right:0px;}.elementor-11863 .elementor-element.elementor-element-8f99cca{bottom:0px;}@media(max-width:1024px){.elementor-11863 .elementor-element.elementor-element-e59831a .elementor-heading-title{font-size:var( --e-global-typography-296c0e5-font-size );line-height:var( --e-global-typography-296c0e5-line-height );letter-spacing:var( --e-global-typography-296c0e5-letter-spacing );word-spacing:var( --e-global-typography-296c0e5-word-spacing );}.elementor-11863 .elementor-element.elementor-element-170c761 .elementor-widget-container{font-size:var( --e-global-typography-text-font-size );line-height:var( --e-global-typography-text-line-height );}}@media(max-width:767px){.elementor-11863 .elementor-element.elementor-element-e59831a .elementor-heading-title{font-size:var( --e-global-typography-296c0e5-font-size );line-height:var( --e-global-typography-296c0e5-line-height );letter-spacing:var( --e-global-typography-296c0e5-letter-spacing );word-spacing:var( --e-global-typography-296c0e5-word-spacing );}.elementor-11863 .elementor-element.elementor-element-170c761 .elementor-widget-container{font-size:var( --e-global-typography-text-font-size );line-height:var( --e-global-typography-text-line-height );}}<\/style>\t\t<div data-elementor-type=\"loop-item\" data-elementor-id=\"11863\" class=\"elementor elementor-11863 e-loop-item e-loop-item-17929 post-17929 page type-page status-publish post-password-required hentry\" data-elementor-post-type=\"elementor_library\" data-custom-edit-handle=\"1\">\n\t\t\t\t\t<section class=\"elementor-section elementor-top-section elementor-element elementor-element-08a57ff elementor-section-boxed elementor-section-height-default elementor-section-height-default\" data-id=\"08a57ff\" data-element_type=\"section\" data-e-type=\"section\">\n\t\t\t\t\t\t<div class=\"elementor-container elementor-column-gap-no\">\n\t\t\t\t\t<div class=\"elementor-column elementor-col-100 elementor-top-column elementor-element elementor-element-c93e2ae\" data-id=\"c93e2ae\" data-element_type=\"column\" data-e-type=\"column\">\n\t\t\t<div class=\"elementor-widget-wrap elementor-element-populated\">\n\t\t\t\t\t\t<div class=\"elementor-element elementor-element-e59831a cah-equal-height-per-row elementor-widget elementor-widget-heading\" data-id=\"e59831a\" data-element_type=\"widget\" data-e-type=\"widget\" data-widget_type=\"heading.default\">\n\t\t\t\t<div class=\"elementor-widget-container\">\n\t\t\t\t\t<h2 class=\"elementor-heading-title elementor-size-default\">Protected: Proxmox<\/h2>\t\t\t\t<\/div>\n\t\t\t\t<\/div>\n\t\t\t\t<div class=\"elementor-element elementor-element-cb29867 elementor-widget elementor-widget-spacer\" data-id=\"cb29867\" data-element_type=\"widget\" data-e-type=\"widget\" data-widget_type=\"spacer.default\">\n\t\t\t\t<div class=\"elementor-widget-container\">\n\t\t\t\t\t\t\t<div class=\"elementor-spacer\">\n\t\t\t<div class=\"elementor-spacer-inner\"><\/div>\n\t\t<\/div>\n\t\t\t\t\t\t<\/div>\n\t\t\t\t<\/div>\n\t\t\t\t<div class=\"elementor-element elementor-element-8f99cca elementor-align-justify elementor-absolute elementor-widget elementor-widget-button\" data-id=\"8f99cca\" data-element_type=\"widget\" data-e-type=\"widget\" data-settings=\"{&quot;_position&quot;:&quot;absolute&quot;}\" data-widget_type=\"button.default\">\n\t\t\t\t<div class=\"elementor-widget-container\">\n\t\t\t\t\t\t\t\t\t<div class=\"elementor-button-wrapper\">\n\t\t\t\t\t<a class=\"elementor-button elementor-button-link elementor-size-sm\" href=\"https:\/\/www.cloudandheat.com\/en\/proxmox\/\">\n\t\t\t\t\t\t<span class=\"elementor-button-content-wrapper\">\n\t\t\t\t\t\t\t\t\t<span class=\"elementor-button-text\">Erfahren Sie mehr<\/span>\n\t\t\t\t\t<\/span>\n\t\t\t\t\t<\/a>\n\t\t\t\t<\/div>\n\t\t\t\t\t\t\t\t<\/div>\n\t\t\t\t<\/div>\n\t\t\t\t\t<\/div>\n\t\t<\/div>\n\t\t\t\t\t<\/div>\n\t\t<\/section>\n\t\t\t\t<\/div>\n\t\t\t\t<div data-elementor-type=\"loop-item\" data-elementor-id=\"11863\" class=\"elementor elementor-11863 e-loop-item e-loop-item-17194 post-17194 page type-page status-publish hentry\" data-elementor-post-type=\"elementor_library\" data-custom-edit-handle=\"1\">\n\t\t\t\t\t<section class=\"elementor-section elementor-top-section elementor-element elementor-element-08a57ff elementor-section-boxed elementor-section-height-default elementor-section-height-default\" data-id=\"08a57ff\" data-element_type=\"section\" data-e-type=\"section\">\n\t\t\t\t\t\t<div class=\"elementor-container elementor-column-gap-no\">\n\t\t\t\t\t<div class=\"elementor-column elementor-col-100 elementor-top-column elementor-element elementor-element-c93e2ae\" data-id=\"c93e2ae\" data-element_type=\"column\" data-e-type=\"column\">\n\t\t\t<div class=\"elementor-widget-wrap elementor-element-populated\">\n\t\t\t\t\t\t<div class=\"elementor-element elementor-element-e59831a cah-equal-height-per-row elementor-widget elementor-widget-heading\" data-id=\"e59831a\" data-element_type=\"widget\" data-e-type=\"widget\" data-widget_type=\"heading.default\">\n\t\t\t\t<div class=\"elementor-widget-container\">\n\t\t\t\t\t<h2 class=\"elementor-heading-title elementor-size-default\">Startseite &#8211; Test<\/h2>\t\t\t\t<\/div>\n\t\t\t\t<\/div>\n\t\t\t\t<div class=\"elementor-element elementor-element-cb29867 elementor-widget elementor-widget-spacer\" data-id=\"cb29867\" data-element_type=\"widget\" data-e-type=\"widget\" data-widget_type=\"spacer.default\">\n\t\t\t\t<div class=\"elementor-widget-container\">\n\t\t\t\t\t\t\t<div class=\"elementor-spacer\">\n\t\t\t<div class=\"elementor-spacer-inner\"><\/div>\n\t\t<\/div>\n\t\t\t\t\t\t<\/div>\n\t\t\t\t<\/div>\n\t\t\t\t<div class=\"elementor-element elementor-element-8f99cca elementor-align-justify elementor-absolute elementor-widget elementor-widget-button\" data-id=\"8f99cca\" data-element_type=\"widget\" data-e-type=\"widget\" data-settings=\"{&quot;_position&quot;:&quot;absolute&quot;}\" data-widget_type=\"button.default\">\n\t\t\t\t<div class=\"elementor-widget-container\">\n\t\t\t\t\t\t\t\t\t<div class=\"elementor-button-wrapper\">\n\t\t\t\t\t<a class=\"elementor-button elementor-button-link elementor-size-sm\" href=\"https:\/\/www.cloudandheat.com\/en\/startseite-test\/\">\n\t\t\t\t\t\t<span class=\"elementor-button-content-wrapper\">\n\t\t\t\t\t\t\t\t\t<span class=\"elementor-button-text\">Erfahren Sie mehr<\/span>\n\t\t\t\t\t<\/span>\n\t\t\t\t\t<\/a>\n\t\t\t\t<\/div>\n\t\t\t\t\t\t\t\t<\/div>\n\t\t\t\t<\/div>\n\t\t\t\t\t<\/div>\n\t\t<\/div>\n\t\t\t\t\t<\/div>\n\t\t<\/section>\n\t\t\t\t<\/div>\n\t\t\t\t<\/div>\n\t\t\n\t\t\t\t\t\t<\/div>\n\t\t\t\t<\/div>\n\t\t\t\t<div class=\"elementor-element elementor-element-6d21da6 elementor-widget elementor-widget-spacer\" data-id=\"6d21da6\" data-element_type=\"widget\" data-e-type=\"widget\" data-widget_type=\"spacer.default\">\n\t\t\t\t<div class=\"elementor-widget-container\">\n\t\t\t\t\t\t\t<div class=\"elementor-spacer\">\n\t\t\t<div class=\"elementor-spacer-inner\"><\/div>\n\t\t<\/div>\n\t\t\t\t\t\t<\/div>\n\t\t\t\t<\/div>\n\t\t\t\t\t<\/div>\n\t\t\t\t<\/div>\n\t\t\t\t<\/div>\n\t\t","protected":false},"excerpt":{"rendered":"<p>Do you need hardware to set up or expand your IT infrastructure? With our many years of experience in the selection of modern server solutions, our expertise in energy-efficient hardware and close cooperation with leading providers, we are happy to support you - customised and reliable.<\/p>","protected":false},"author":4,"featured_media":12594,"parent":11646,"menu_order":31,"comment_status":"closed","ping_status":"closed","template":"","meta":{"_acf_changed":false,"_relevanssi_hide_post":"","_relevanssi_hide_content":"","_relevanssi_pin_for_all":"","_relevanssi_pin_keywords":"","_relevanssi_unpin_keywords":"","_relevanssi_related_keywords":"","_relevanssi_related_include_ids":"","_relevanssi_related_exclude_ids":"","_relevanssi_related_no_append":"","_relevanssi_related_not_related":"","_relevanssi_related_posts":"5213,9931,5207,5385,10608,5364","_relevanssi_noindex_reason":"","inline_featured_image":false,"footnotes":""},"class_list":["post-12513","page","type-page","status-publish","has-post-thumbnail","hentry"],"acf":[],"yoast_head":"<!-- This site is optimized with the Yoast SEO plugin v27.0 - https:\/\/yoast.com\/product\/yoast-seo-wordpress\/ -->\n<title>Hardware-Angebot &#8211; Cloud &amp; Heat<\/title>\n<meta name=\"robots\" content=\"index, follow, max-snippet:-1, max-image-preview:large, max-video-preview:-1\" \/>\n<link rel=\"canonical\" href=\"https:\/\/www.cloudandheat.com\/en\/products\/hardware-offer\/\" \/>\n<meta property=\"og:locale\" content=\"en_GB\" \/>\n<meta property=\"og:type\" content=\"article\" \/>\n<meta property=\"og:title\" content=\"Hardware-Angebot &#8211; Cloud &amp; Heat\" \/>\n<meta property=\"og:description\" content=\"Ben\u00f6tigen Sie Hardware f\u00fcr den Aufbau oder die Erweiterung Ihrer IT-Infrastruktur? Mit unserer langj\u00e4hrigen Erfahrung in der Auswahl moderner Serverl\u00f6sungen, unserer Expertise in energieeffizienter Hardware und der engen Zusammenarbeit mit f\u00fchrenden Anbietern unterst\u00fctzen wir Sie gerne \u2013 ma\u00dfgeschneidert und zuverl\u00e4ssig.\" \/>\n<meta property=\"og:url\" content=\"https:\/\/www.cloudandheat.com\/en\/products\/hardware-offer\/\" \/>\n<meta property=\"og:site_name\" content=\"Cloud &amp; Heat\" \/>\n<meta property=\"article:publisher\" content=\"https:\/\/www.facebook.com\/CloudandHeat\" \/>\n<meta property=\"article:modified_time\" content=\"2025-01-10T12:10:18+00:00\" \/>\n<meta property=\"og:image\" content=\"https:\/\/www.cloudandheat.com\/wp-content\/uploads\/2025\/01\/2025-Cloud-and-Heat-Hardware-Angebot-1.jpg\" \/>\n\t<meta property=\"og:image:width\" content=\"1920\" \/>\n\t<meta property=\"og:image:height\" content=\"800\" \/>\n\t<meta property=\"og:image:type\" content=\"image\/jpeg\" \/>\n<meta name=\"twitter:card\" content=\"summary_large_image\" \/>\n<meta name=\"twitter:site\" content=\"@cloudandheat\" \/>\n<script type=\"application\/ld+json\" class=\"yoast-schema-graph\">{\"@context\":\"https:\/\/schema.org\",\"@graph\":[{\"@type\":\"WebPage\",\"@id\":\"https:\/\/www.cloudandheat.com\/produkte\/hardware-angebot\/\",\"url\":\"https:\/\/www.cloudandheat.com\/produkte\/hardware-angebot\/\",\"name\":\"Hardware-Angebot &#8211; Cloud &amp; Heat\",\"isPartOf\":{\"@id\":\"https:\/\/www.cloudandheat.com\/#website\"},\"primaryImageOfPage\":{\"@id\":\"https:\/\/www.cloudandheat.com\/produkte\/hardware-angebot\/#primaryimage\"},\"image\":{\"@id\":\"https:\/\/www.cloudandheat.com\/produkte\/hardware-angebot\/#primaryimage\"},\"thumbnailUrl\":\"https:\/\/www.cloudandheat.com\/wp-content\/uploads\/2025\/01\/2025-Cloud-and-Heat-Hardware-Angebot-1.jpg\",\"datePublished\":\"2025-01-08T11:14:47+00:00\",\"dateModified\":\"2025-01-10T12:10:18+00:00\",\"breadcrumb\":{\"@id\":\"https:\/\/www.cloudandheat.com\/produkte\/hardware-angebot\/#breadcrumb\"},\"inLanguage\":\"en-GB\",\"potentialAction\":[{\"@type\":\"ReadAction\",\"target\":[\"https:\/\/www.cloudandheat.com\/produkte\/hardware-angebot\/\"]}]},{\"@type\":\"ImageObject\",\"inLanguage\":\"en-GB\",\"@id\":\"https:\/\/www.cloudandheat.com\/produkte\/hardware-angebot\/#primaryimage\",\"url\":\"https:\/\/www.cloudandheat.com\/wp-content\/uploads\/2025\/01\/2025-Cloud-and-Heat-Hardware-Angebot-1.jpg\",\"contentUrl\":\"https:\/\/www.cloudandheat.com\/wp-content\/uploads\/2025\/01\/2025-Cloud-and-Heat-Hardware-Angebot-1.jpg\",\"width\":1920,\"height\":800,\"caption\":\"Cloud andh Heat | Hardware Angebot | Server L\u00f6sungen | On-Premise L\u00f6sungen | Suchmaschine | Hardware Beschaffung\"},{\"@type\":\"BreadcrumbList\",\"@id\":\"https:\/\/www.cloudandheat.com\/produkte\/hardware-angebot\/#breadcrumb\",\"itemListElement\":[{\"@type\":\"ListItem\",\"position\":1,\"name\":\"Startseite\",\"item\":\"https:\/\/www.cloudandheat.com\/\"},{\"@type\":\"ListItem\",\"position\":2,\"name\":\"Produkte &#038; Services\",\"item\":\"https:\/\/www.cloudandheat.com\/produkte\/\"},{\"@type\":\"ListItem\",\"position\":3,\"name\":\"Hardware-Angebot\"}]},{\"@type\":\"WebSite\",\"@id\":\"https:\/\/www.cloudandheat.com\/#website\",\"url\":\"https:\/\/www.cloudandheat.com\/\",\"name\":\"Cloud & Heat Technolgies GmbH\",\"description\":\"Cloud-Service- und Cloud-Technologie-Provider\",\"publisher\":{\"@id\":\"https:\/\/www.cloudandheat.com\/#organization\"},\"alternateName\":\"Cloud and Heat Technologies GmbH\",\"potentialAction\":[{\"@type\":\"SearchAction\",\"target\":{\"@type\":\"EntryPoint\",\"urlTemplate\":\"https:\/\/www.cloudandheat.com\/?s={search_term_string}\"},\"query-input\":{\"@type\":\"PropertyValueSpecification\",\"valueRequired\":true,\"valueName\":\"search_term_string\"}}],\"inLanguage\":\"en-GB\"},{\"@type\":\"Organization\",\"@id\":\"https:\/\/www.cloudandheat.com\/#organization\",\"name\":\"Cloud&Heat Technologies GmbH\",\"url\":\"https:\/\/www.cloudandheat.com\/\",\"logo\":{\"@type\":\"ImageObject\",\"inLanguage\":\"en-GB\",\"@id\":\"https:\/\/www.cloudandheat.com\/#\/schema\/logo\/image\/\",\"url\":\"https:\/\/www.cloudandheat.com\/wp-content\/uploads\/2022\/08\/logo.svg\",\"contentUrl\":\"https:\/\/www.cloudandheat.com\/wp-content\/uploads\/2022\/08\/logo.svg\",\"width\":907,\"height\":1782,\"caption\":\"Cloud&Heat Technologies GmbH\"},\"image\":{\"@id\":\"https:\/\/www.cloudandheat.com\/#\/schema\/logo\/image\/\"},\"sameAs\":[\"https:\/\/www.facebook.com\/CloudandHeat\",\"https:\/\/x.com\/cloudandheat\"]}]}<\/script>\n<!-- \/ Yoast SEO plugin. -->","yoast_head_json":{"title":"Hardware offer - Cloud &amp; Heat","robots":{"index":"index","follow":"follow","max-snippet":"max-snippet:-1","max-image-preview":"max-image-preview:large","max-video-preview":"max-video-preview:-1"},"canonical":"https:\/\/www.cloudandheat.com\/en\/products\/hardware-offer\/","og_locale":"en_GB","og_type":"article","og_title":"Hardware-Angebot &#8211; Cloud &amp; Heat","og_description":"Ben\u00f6tigen Sie Hardware f\u00fcr den Aufbau oder die Erweiterung Ihrer IT-Infrastruktur? Mit unserer langj\u00e4hrigen Erfahrung in der Auswahl moderner Serverl\u00f6sungen, unserer Expertise in energieeffizienter Hardware und der engen Zusammenarbeit mit f\u00fchrenden Anbietern unterst\u00fctzen wir Sie gerne \u2013 ma\u00dfgeschneidert und zuverl\u00e4ssig.","og_url":"https:\/\/www.cloudandheat.com\/en\/products\/hardware-offer\/","og_site_name":"Cloud &amp; Heat","article_publisher":"https:\/\/www.facebook.com\/CloudandHeat","article_modified_time":"2025-01-10T12:10:18+00:00","og_image":[{"width":1920,"height":800,"url":"https:\/\/www.cloudandheat.com\/wp-content\/uploads\/2025\/01\/2025-Cloud-and-Heat-Hardware-Angebot-1.jpg","type":"image\/jpeg"}],"twitter_card":"summary_large_image","twitter_site":"@cloudandheat","schema":{"@context":"https:\/\/schema.org","@graph":[{"@type":"WebPage","@id":"https:\/\/www.cloudandheat.com\/produkte\/hardware-angebot\/","url":"https:\/\/www.cloudandheat.com\/produkte\/hardware-angebot\/","name":"Hardware offer - Cloud &amp; Heat","isPartOf":{"@id":"https:\/\/www.cloudandheat.com\/#website"},"primaryImageOfPage":{"@id":"https:\/\/www.cloudandheat.com\/produkte\/hardware-angebot\/#primaryimage"},"image":{"@id":"https:\/\/www.cloudandheat.com\/produkte\/hardware-angebot\/#primaryimage"},"thumbnailUrl":"https:\/\/www.cloudandheat.com\/wp-content\/uploads\/2025\/01\/2025-Cloud-and-Heat-Hardware-Angebot-1.jpg","datePublished":"2025-01-08T11:14:47+00:00","dateModified":"2025-01-10T12:10:18+00:00","breadcrumb":{"@id":"https:\/\/www.cloudandheat.com\/produkte\/hardware-angebot\/#breadcrumb"},"inLanguage":"en-GB","potentialAction":[{"@type":"ReadAction","target":["https:\/\/www.cloudandheat.com\/produkte\/hardware-angebot\/"]}]},{"@type":"ImageObject","inLanguage":"en-GB","@id":"https:\/\/www.cloudandheat.com\/produkte\/hardware-angebot\/#primaryimage","url":"https:\/\/www.cloudandheat.com\/wp-content\/uploads\/2025\/01\/2025-Cloud-and-Heat-Hardware-Angebot-1.jpg","contentUrl":"https:\/\/www.cloudandheat.com\/wp-content\/uploads\/2025\/01\/2025-Cloud-and-Heat-Hardware-Angebot-1.jpg","width":1920,"height":800,"caption":"Cloud andh Heat | Hardware Angebot | Server L\u00f6sungen | On-Premise L\u00f6sungen | Suchmaschine | Hardware Beschaffung"},{"@type":"BreadcrumbList","@id":"https:\/\/www.cloudandheat.com\/produkte\/hardware-angebot\/#breadcrumb","itemListElement":[{"@type":"ListItem","position":1,"name":"Startseite","item":"https:\/\/www.cloudandheat.com\/"},{"@type":"ListItem","position":2,"name":"Produkte &#038; Services","item":"https:\/\/www.cloudandheat.com\/produkte\/"},{"@type":"ListItem","position":3,"name":"Hardware-Angebot"}]},{"@type":"WebSite","@id":"https:\/\/www.cloudandheat.com\/#website","url":"https:\/\/www.cloudandheat.com\/","name":"Cloud &amp; Heat Technolgies GmbH","description":"Cloud service and cloud technology providers","publisher":{"@id":"https:\/\/www.cloudandheat.com\/#organization"},"alternateName":"Cloud and Heat Technologies GmbH","potentialAction":[{"@type":"SearchAction","target":{"@type":"EntryPoint","urlTemplate":"https:\/\/www.cloudandheat.com\/?s={search_term_string}"},"query-input":{"@type":"PropertyValueSpecification","valueRequired":true,"valueName":"search_term_string"}}],"inLanguage":"en-GB"},{"@type":"Organization","@id":"https:\/\/www.cloudandheat.com\/#organization","name":"Cloud&amp;Heat Technologies GmbH","url":"https:\/\/www.cloudandheat.com\/","logo":{"@type":"ImageObject","inLanguage":"en-GB","@id":"https:\/\/www.cloudandheat.com\/#\/schema\/logo\/image\/","url":"https:\/\/www.cloudandheat.com\/wp-content\/uploads\/2022\/08\/logo.svg","contentUrl":"https:\/\/www.cloudandheat.com\/wp-content\/uploads\/2022\/08\/logo.svg","width":907,"height":1782,"caption":"Cloud&Heat Technologies GmbH"},"image":{"@id":"https:\/\/www.cloudandheat.com\/#\/schema\/logo\/image\/"},"sameAs":["https:\/\/www.facebook.com\/CloudandHeat","https:\/\/x.com\/cloudandheat"]}]}},"_links":{"self":[{"href":"https:\/\/www.cloudandheat.com\/en\/wp-json\/wp\/v2\/pages\/12513","targetHints":{"allow":["GET"]}}],"collection":[{"href":"https:\/\/www.cloudandheat.com\/en\/wp-json\/wp\/v2\/pages"}],"about":[{"href":"https:\/\/www.cloudandheat.com\/en\/wp-json\/wp\/v2\/types\/page"}],"author":[{"embeddable":true,"href":"https:\/\/www.cloudandheat.com\/en\/wp-json\/wp\/v2\/users\/4"}],"replies":[{"embeddable":true,"href":"https:\/\/www.cloudandheat.com\/en\/wp-json\/wp\/v2\/comments?post=12513"}],"version-history":[{"count":0,"href":"https:\/\/www.cloudandheat.com\/en\/wp-json\/wp\/v2\/pages\/12513\/revisions"}],"up":[{"embeddable":true,"href":"https:\/\/www.cloudandheat.com\/en\/wp-json\/wp\/v2\/pages\/11646"}],"wp:featuredmedia":[{"embeddable":true,"href":"https:\/\/www.cloudandheat.com\/en\/wp-json\/wp\/v2\/media\/12594"}],"wp:attachment":[{"href":"https:\/\/www.cloudandheat.com\/en\/wp-json\/wp\/v2\/media?parent=12513"}],"curies":[{"name":"wp","href":"https:\/\/api.w.org\/{rel}","templated":true}]}}