{"id":10874,"date":"2024-03-25T09:47:24","date_gmt":"2024-03-25T08:47:24","guid":{"rendered":"https:\/\/www.cloudandheat.com\/?page_id=10874"},"modified":"2024-03-25T09:53:53","modified_gmt":"2024-03-25T08:53:53","slug":"providing-notifications","status":"publish","type":"page","link":"https:\/\/www.cloudandheat.com\/en\/hinweisgeber\/","title":{"rendered":"Providing notifications"},"content":{"rendered":"<div data-elementor-type=\"wp-page\" data-elementor-id=\"10874\" class=\"elementor elementor-10874\" data-elementor-post-type=\"page\">\n\t\t\t\t\t\t<section class=\"elementor-section elementor-top-section elementor-element elementor-element-d7e5178 elementor-section-boxed elementor-section-height-default elementor-section-height-default\" data-id=\"d7e5178\" data-element_type=\"section\" data-e-type=\"section\">\n\t\t\t\t\t\t<div class=\"elementor-container elementor-column-gap-default\">\n\t\t\t\t\t<div class=\"elementor-column elementor-col-100 elementor-top-column elementor-element elementor-element-1d683db\" data-id=\"1d683db\" data-element_type=\"column\" data-e-type=\"column\">\n\t\t\t<div class=\"elementor-widget-wrap elementor-element-populated\">\n\t\t\t\t\t\t<div class=\"elementor-element elementor-element-ecfd9b0 elementor-widget elementor-widget-heading\" data-id=\"ecfd9b0\" data-element_type=\"widget\" data-e-type=\"widget\" data-widget_type=\"heading.default\">\n\t\t\t\t<div class=\"elementor-widget-container\">\n\t\t\t\t\t<h2 class=\"elementor-heading-title elementor-size-default\">Providing notifications<\/h2>\t\t\t\t<\/div>\n\t\t\t\t<\/div>\n\t\t\t\t\t<\/div>\n\t\t<\/div>\n\t\t\t\t\t<\/div>\n\t\t<\/section>\n\t\t\t\t<section class=\"elementor-section elementor-top-section elementor-element elementor-element-9833a68 elementor-section-boxed elementor-section-height-default elementor-section-height-default\" data-id=\"9833a68\" data-element_type=\"section\" data-e-type=\"section\">\n\t\t\t\t\t\t<div class=\"elementor-container elementor-column-gap-default\">\n\t\t\t\t\t<div class=\"elementor-column elementor-col-100 elementor-top-column elementor-element elementor-element-eb400fa\" data-id=\"eb400fa\" data-element_type=\"column\" data-e-type=\"column\">\n\t\t\t<div class=\"elementor-widget-wrap elementor-element-populated\">\n\t\t\t\t\t\t<div class=\"elementor-element elementor-element-9e22603 elementor-widget elementor-widget-text-editor\" data-id=\"9e22603\" data-element_type=\"widget\" data-e-type=\"widget\" data-widget_type=\"text-editor.default\">\n\t\t\t\t<div class=\"elementor-widget-container\">\n\t\t\t\t\t\t\t\t\t<h2>Welcome to the notifcation portal of Cloud&amp;Heat<\/h2>\n<p>Our commitment to transparency and integrity is at the centre of our corporate values. We want to ensure that irregularities or potentially illegal activities are recognised and rectified immediately. That is why we have set up <a href=\"https:\/\/hinweis.cloudandheat.com\">this portal<\/a> to give you the opportunity to inform us confidentially and, if you wish, anonymously about any problems.<\/p>\n<h4>How can you provide us with your notice?<\/h4>\n<p>Send us information about grievances relating to our company via the following notification portal: <a href=\"https:\/\/hinweis.cloudandheat.com\">https:\/\/hinweis.cloudandheat.com<\/a><\/p>\n<h4>Your anonymity is guaranteed<\/h4>\n<p>We understand that there may be situations where you do not wish to speak publicly. Therefore, we have implemented mechanisms to ensure that you can submit your comments anonymously. Your identity will be kept confidential unless you explicitly choose to disclose your identity.<\/p>\n<h4>Reporting of illegal activities<\/h4>\n<p>If you have any information about illegal activities in connection with our company, please inform us via the above-mentioned notification portal. We take every report seriously and will take appropriate steps to investigate and, if necessary, rectify the matter.<\/p>\n<h4>Data leaks on the internet<\/h4>\n<p>Should you come across data leaks that can be traced back to our company, please report them immediately via <a href=\"https:\/\/hinweis.cloudandheat.com\">this portal<\/a>. The security of your data and information is our top priority and we will take immediate action to minimise potential risks.<\/p>\n<p>Your co-operation is crucial to maintaining our high standards. We value your trust and commitment to integrity. Thank you for helping us to promote a responsible and transparent corporate culture.<\/p>\t\t\t\t\t\t\t\t<\/div>\n\t\t\t\t<\/div>\n\t\t\t\t\t<\/div>\n\t\t<\/div>\n\t\t\t\t\t<\/div>\n\t\t<\/section>\n\t\t\t\t<\/div>","protected":false},"excerpt":{"rendered":"<p>Welcome to Cloud&amp;Heat's whistleblowing portal Our commitment to transparency and integrity is at the heart of our company values. We want to ensure that any wrongdoing or potentially illegal activity is promptly identified and remedied....<\/p>","protected":false},"author":3,"featured_media":0,"parent":0,"menu_order":51,"comment_status":"closed","ping_status":"closed","template":"elementor_header_footer","meta":{"_acf_changed":false,"_relevanssi_hide_post":"","_relevanssi_hide_content":"","_relevanssi_pin_for_all":"","_relevanssi_pin_keywords":"","_relevanssi_unpin_keywords":"","_relevanssi_related_keywords":"","_relevanssi_related_include_ids":"","_relevanssi_related_exclude_ids":"","_relevanssi_related_no_append":"","_relevanssi_related_not_related":"","_relevanssi_related_posts":"5342,8979,5282,5211,5351,5391","_relevanssi_noindex_reason":"","inline_featured_image":false,"footnotes":""},"class_list":["post-10874","page","type-page","status-publish","hentry"],"acf":[],"yoast_head":"<!-- This site is optimized with the Yoast SEO plugin v27.0 - https:\/\/yoast.com\/product\/yoast-seo-wordpress\/ -->\n<title>Cloud&amp;Heat Technologies - Hinweisgeber<\/title>\n<meta name=\"description\" content=\"Cloud&amp;Heat | Hinweisgeber | Die Verpflichtung zur Transparenz und Integrit\u00e4t steht im Mittelpunkt unserer Unternehmenswerte. Kontaktieren Sie uns vertraulich und anonym \u00fcber m\u00f6gliche Probleme.\" \/>\n<meta name=\"robots\" content=\"index, follow, max-snippet:-1, max-image-preview:large, max-video-preview:-1\" \/>\n<link rel=\"canonical\" href=\"https:\/\/www.cloudandheat.com\/en\/providing-notifications\/\" \/>\n<meta property=\"og:locale\" content=\"en_GB\" \/>\n<meta property=\"og:type\" content=\"article\" \/>\n<meta property=\"og:title\" content=\"Cloud&amp;Heat Technologies - Hinweisgeber\" \/>\n<meta property=\"og:description\" content=\"Cloud&amp;Heat | Hinweisgeber | Die Verpflichtung zur Transparenz und Integrit\u00e4t steht im Mittelpunkt unserer Unternehmenswerte. Kontaktieren Sie uns vertraulich und anonym \u00fcber m\u00f6gliche Probleme.\" \/>\n<meta property=\"og:url\" content=\"https:\/\/www.cloudandheat.com\/en\/providing-notifications\/\" \/>\n<meta property=\"og:site_name\" content=\"Cloud &amp; Heat\" \/>\n<meta property=\"article:publisher\" content=\"https:\/\/www.facebook.com\/CloudandHeat\" \/>\n<meta property=\"article:modified_time\" content=\"2024-03-25T08:53:53+00:00\" \/>\n<meta property=\"og:image\" content=\"https:\/\/www.cloudandheat.com\/wp-content\/uploads\/2022\/08\/bg_dresden.jpg\" \/>\n\t<meta property=\"og:image:width\" content=\"1920\" \/>\n\t<meta property=\"og:image:height\" content=\"1280\" \/>\n\t<meta property=\"og:image:type\" content=\"image\/jpeg\" \/>\n<meta name=\"twitter:card\" content=\"summary_large_image\" \/>\n<meta name=\"twitter:site\" content=\"@cloudandheat\" \/>\n<meta name=\"twitter:label1\" content=\"Estimated reading time\" \/>\n\t<meta name=\"twitter:data1\" content=\"1 minute\" \/>\n<script type=\"application\/ld+json\" class=\"yoast-schema-graph\">{\"@context\":\"https:\/\/schema.org\",\"@graph\":[{\"@type\":\"WebPage\",\"@id\":\"https:\/\/www.cloudandheat.com\/hinweisgeber\/\",\"url\":\"https:\/\/www.cloudandheat.com\/hinweisgeber\/\",\"name\":\"Cloud&Heat Technologies - Hinweisgeber\",\"isPartOf\":{\"@id\":\"https:\/\/www.cloudandheat.com\/#website\"},\"datePublished\":\"2024-03-25T08:47:24+00:00\",\"dateModified\":\"2024-03-25T08:53:53+00:00\",\"description\":\"Cloud&Heat | Hinweisgeber | Die Verpflichtung zur Transparenz und Integrit\u00e4t steht im Mittelpunkt unserer Unternehmenswerte. Kontaktieren Sie uns vertraulich und anonym \u00fcber m\u00f6gliche Probleme.\",\"breadcrumb\":{\"@id\":\"https:\/\/www.cloudandheat.com\/hinweisgeber\/#breadcrumb\"},\"inLanguage\":\"en-GB\",\"potentialAction\":[{\"@type\":\"ReadAction\",\"target\":[\"https:\/\/www.cloudandheat.com\/hinweisgeber\/\"]}]},{\"@type\":\"BreadcrumbList\",\"@id\":\"https:\/\/www.cloudandheat.com\/hinweisgeber\/#breadcrumb\",\"itemListElement\":[{\"@type\":\"ListItem\",\"position\":1,\"name\":\"Startseite\",\"item\":\"https:\/\/www.cloudandheat.com\/\"},{\"@type\":\"ListItem\",\"position\":2,\"name\":\"Hinweisgeber\"}]},{\"@type\":\"WebSite\",\"@id\":\"https:\/\/www.cloudandheat.com\/#website\",\"url\":\"https:\/\/www.cloudandheat.com\/\",\"name\":\"Cloud & Heat Technolgies GmbH\",\"description\":\"Cloud-Service- und Cloud-Technologie-Provider\",\"publisher\":{\"@id\":\"https:\/\/www.cloudandheat.com\/#organization\"},\"alternateName\":\"Cloud and Heat Technologies GmbH\",\"potentialAction\":[{\"@type\":\"SearchAction\",\"target\":{\"@type\":\"EntryPoint\",\"urlTemplate\":\"https:\/\/www.cloudandheat.com\/?s={search_term_string}\"},\"query-input\":{\"@type\":\"PropertyValueSpecification\",\"valueRequired\":true,\"valueName\":\"search_term_string\"}}],\"inLanguage\":\"en-GB\"},{\"@type\":\"Organization\",\"@id\":\"https:\/\/www.cloudandheat.com\/#organization\",\"name\":\"Cloud&Heat Technologies GmbH\",\"url\":\"https:\/\/www.cloudandheat.com\/\",\"logo\":{\"@type\":\"ImageObject\",\"inLanguage\":\"en-GB\",\"@id\":\"https:\/\/www.cloudandheat.com\/#\/schema\/logo\/image\/\",\"url\":\"https:\/\/www.cloudandheat.com\/wp-content\/uploads\/2022\/08\/logo.svg\",\"contentUrl\":\"https:\/\/www.cloudandheat.com\/wp-content\/uploads\/2022\/08\/logo.svg\",\"width\":907,\"height\":1782,\"caption\":\"Cloud&Heat Technologies GmbH\"},\"image\":{\"@id\":\"https:\/\/www.cloudandheat.com\/#\/schema\/logo\/image\/\"},\"sameAs\":[\"https:\/\/www.facebook.com\/CloudandHeat\",\"https:\/\/x.com\/cloudandheat\"]}]}<\/script>\n<!-- \/ Yoast SEO plugin. -->","yoast_head_json":{"title":"Cloud&amp;Heat Technologies - Whistleblower","description":"Cloud&amp;Heat | Whistleblower | Commitment to transparency and integrity is at the centre of our corporate values. Contact us confidentially and anonymously about potential issues.","robots":{"index":"index","follow":"follow","max-snippet":"max-snippet:-1","max-image-preview":"max-image-preview:large","max-video-preview":"max-video-preview:-1"},"canonical":"https:\/\/www.cloudandheat.com\/en\/providing-notifications\/","og_locale":"en_GB","og_type":"article","og_title":"Cloud&Heat Technologies - Hinweisgeber","og_description":"Cloud&Heat | Hinweisgeber | Die Verpflichtung zur Transparenz und Integrit\u00e4t steht im Mittelpunkt unserer Unternehmenswerte. Kontaktieren Sie uns vertraulich und anonym \u00fcber m\u00f6gliche Probleme.","og_url":"https:\/\/www.cloudandheat.com\/en\/providing-notifications\/","og_site_name":"Cloud &amp; Heat","article_publisher":"https:\/\/www.facebook.com\/CloudandHeat","article_modified_time":"2024-03-25T08:53:53+00:00","og_image":[{"width":1920,"height":1280,"url":"https:\/\/www.cloudandheat.com\/wp-content\/uploads\/2022\/08\/bg_dresden.jpg","type":"image\/jpeg"}],"twitter_card":"summary_large_image","twitter_site":"@cloudandheat","twitter_misc":{"Estimated reading time":"1 minute"},"schema":{"@context":"https:\/\/schema.org","@graph":[{"@type":"WebPage","@id":"https:\/\/www.cloudandheat.com\/hinweisgeber\/","url":"https:\/\/www.cloudandheat.com\/hinweisgeber\/","name":"Cloud&amp;Heat Technologies - Whistleblower","isPartOf":{"@id":"https:\/\/www.cloudandheat.com\/#website"},"datePublished":"2024-03-25T08:47:24+00:00","dateModified":"2024-03-25T08:53:53+00:00","description":"Cloud&amp;Heat | Whistleblower | Commitment to transparency and integrity is at the centre of our corporate values. Contact us confidentially and anonymously about potential issues.","breadcrumb":{"@id":"https:\/\/www.cloudandheat.com\/hinweisgeber\/#breadcrumb"},"inLanguage":"en-GB","potentialAction":[{"@type":"ReadAction","target":["https:\/\/www.cloudandheat.com\/hinweisgeber\/"]}]},{"@type":"BreadcrumbList","@id":"https:\/\/www.cloudandheat.com\/hinweisgeber\/#breadcrumb","itemListElement":[{"@type":"ListItem","position":1,"name":"Startseite","item":"https:\/\/www.cloudandheat.com\/"},{"@type":"ListItem","position":2,"name":"Hinweisgeber"}]},{"@type":"WebSite","@id":"https:\/\/www.cloudandheat.com\/#website","url":"https:\/\/www.cloudandheat.com\/","name":"Cloud &amp; Heat Technolgies GmbH","description":"Cloud service and cloud technology providers","publisher":{"@id":"https:\/\/www.cloudandheat.com\/#organization"},"alternateName":"Cloud and Heat Technologies GmbH","potentialAction":[{"@type":"SearchAction","target":{"@type":"EntryPoint","urlTemplate":"https:\/\/www.cloudandheat.com\/?s={search_term_string}"},"query-input":{"@type":"PropertyValueSpecification","valueRequired":true,"valueName":"search_term_string"}}],"inLanguage":"en-GB"},{"@type":"Organization","@id":"https:\/\/www.cloudandheat.com\/#organization","name":"Cloud&amp;Heat Technologies GmbH","url":"https:\/\/www.cloudandheat.com\/","logo":{"@type":"ImageObject","inLanguage":"en-GB","@id":"https:\/\/www.cloudandheat.com\/#\/schema\/logo\/image\/","url":"https:\/\/www.cloudandheat.com\/wp-content\/uploads\/2022\/08\/logo.svg","contentUrl":"https:\/\/www.cloudandheat.com\/wp-content\/uploads\/2022\/08\/logo.svg","width":907,"height":1782,"caption":"Cloud&Heat Technologies GmbH"},"image":{"@id":"https:\/\/www.cloudandheat.com\/#\/schema\/logo\/image\/"},"sameAs":["https:\/\/www.facebook.com\/CloudandHeat","https:\/\/x.com\/cloudandheat"]}]}},"_links":{"self":[{"href":"https:\/\/www.cloudandheat.com\/en\/wp-json\/wp\/v2\/pages\/10874","targetHints":{"allow":["GET"]}}],"collection":[{"href":"https:\/\/www.cloudandheat.com\/en\/wp-json\/wp\/v2\/pages"}],"about":[{"href":"https:\/\/www.cloudandheat.com\/en\/wp-json\/wp\/v2\/types\/page"}],"author":[{"embeddable":true,"href":"https:\/\/www.cloudandheat.com\/en\/wp-json\/wp\/v2\/users\/3"}],"replies":[{"embeddable":true,"href":"https:\/\/www.cloudandheat.com\/en\/wp-json\/wp\/v2\/comments?post=10874"}],"version-history":[{"count":0,"href":"https:\/\/www.cloudandheat.com\/en\/wp-json\/wp\/v2\/pages\/10874\/revisions"}],"wp:attachment":[{"href":"https:\/\/www.cloudandheat.com\/en\/wp-json\/wp\/v2\/media?parent=10874"}],"curies":[{"name":"wp","href":"https:\/\/api.w.org\/{rel}","templated":true}]}}